{"id":4382,"date":"2022-06-15T13:13:17","date_gmt":"2022-06-15T13:13:17","guid":{"rendered":"https:\/\/passionfruits.eu\/digitalorchestra\/partners\/"},"modified":"2022-06-15T13:13:18","modified_gmt":"2022-06-15T13:13:18","slug":"partners","status":"publish","type":"page","link":"https:\/\/passionfruits.eu\/digitalorchestra\/it\/partners\/","title":{"rendered":"Partners"},"content":{"rendered":"<p>[et_pb_section fb_built=&#8221;1&#8243; admin_label=&#8221;Header&#8221; _builder_version=&#8221;4.4.5&#8243; overflow-x=&#8221;hidden&#8221; overflow-y=&#8221;hidden&#8221; custom_padding=&#8221;5vw||||false|false&#8221; locked=&#8221;off&#8221; global_colors_info=&#8221;{}&#8221;][et_pb_row _builder_version=&#8221;4.4.5&#8243; global_colors_info=&#8221;{}&#8221;][et_pb_column type=&#8221;4_4&#8243; _builder_version=&#8221;4.4.5&#8243; global_colors_info=&#8221;{}&#8221;][et_pb_text _builder_version=&#8221;4.13.1&#8243; header_font=&#8221;Cutive Mono||||||||&#8221; header_text_color=&#8221;#000000&#8243; header_font_size=&#8221;90px&#8221; header_letter_spacing=&#8221;-0.1em&#8221; header_2_text_color=&#8221;#000000&#8243; background_image=&#8221;https:\/\/passionfruits.eu\/digitalorchestra\/wp-content\/uploads\/2021\/10\/freelance-writer-06.png&#8221; background_size=&#8221;initial&#8221; background_position=&#8221;bottom_left&#8221; z_index=&#8221;1&#8243; header_font_size_tablet=&#8221;64px&#8221; header_font_size_phone=&#8221;32px&#8221; header_font_size_last_edited=&#8221;on|phone&#8221; header_letter_spacing_tablet=&#8221;-8px&#8221; header_letter_spacing_phone=&#8221;-4px&#8221; header_letter_spacing_last_edited=&#8221;off|tablet&#8221; global_colors_info=&#8221;{}&#8221;]<\/p>\n<h1>L&#8217;Associazione Passionfruits <\/h1>\n<p>[\/et_pb_text][et_pb_image src=&#8221;https:\/\/passionfruits.eu\/digitalorchestra\/wp-content\/uploads\/2021\/10\/freelance-writer-05.png&#8221; title_text=&#8221;freelance-writer-05&#8243; align=&#8221;center&#8221; _builder_version=&#8221;4.4.5&#8243; global_colors_info=&#8221;{}&#8221;][\/et_pb_image][\/et_pb_column][\/et_pb_row][et_pb_row column_structure=&#8221;3_5,2_5&#8243; _builder_version=&#8221;4.4.5&#8243; custom_margin=&#8221;8vw|auto||auto|false|false&#8221; global_colors_info=&#8221;{}&#8221;][et_pb_column type=&#8221;3_5&#8243; _builder_version=&#8221;4.4.5&#8243; global_colors_info=&#8221;{}&#8221;][et_pb_text _builder_version=&#8221;4.14.7&#8243; header_2_text_color=&#8221;#000000&#8243; custom_margin=&#8221;||||false|false&#8221; global_colors_info=&#8221;{}&#8221;]<\/p>\n<p>L&#8217;Associazione Passionfruits \u00e8 un gruppo di giovani creativi che provengono da ambienti e professioni diverse, ma hanno una cosa in comune: una passione nella vita che vogliono perseguire &#8211; e condividerla con gli altri. Hanno iniziato nel 2015 come un gruppo di amici uniti dall&#8217;amore per la danza folklorica. A poco a poco, l&#8217;organizzazione \u00e8 iniziata a crescere &#8211; il gruppo iniziale \u00e8 stato affiancato da appassionati di fotografia, musica, canto e alpinismo, giochi strategici e scherma, persone appassionate di storia e coloro per i quali il percorso nella vita \u00e8 l&#8217;attivit\u00e0 motoria. Oggi l&#8217;Associazione \u00e8 una destinazione condivisa per tutti coloro che desiderano fare di pi\u00f9 nella loro vita di un semplice lavoro fisso.<\/p>\n<p>&#8220;Noi non abbiamo limiti &#8211; l&#8217;unica condizione per aderire all&#8217;Associazione \u00e8 la volont\u00e0 di fare ci\u00f2 che si ama nella vita. Aiutiamo a implementarlo, fornire strumenti e risorse, e condividere conoscenze e consigli. Tutto ci\u00f2 che serve \u00e8 una mente aperta e un cuore pieno di entusiasmo.&#8221;<\/p>\n<p>L&#8217;obiettivo delle attivit\u00e0 dell&#8217;Associazione \u00e8 quello di promuovere il modello di equilibrio vita-lavoro tra i giovani e gli adulti, sostenendoli nella loro ricerca di esplorare e soddisfare le passioni di vita, in conformit\u00e0 con il principio guida dell&#8217;organizzazione &#8211; &#8220;Fai quello che ami. Amo quello che fai&#8221;.<\/p>\n<p>[\/et_pb_text][\/et_pb_column][et_pb_column type=&#8221;2_5&#8243; _builder_version=&#8221;4.4.5&#8243; global_colors_info=&#8221;{}&#8221;][et_pb_image src=&#8221;https:\/\/passionfruits.eu\/digitalorchestra\/wp-content\/uploads\/2022\/02\/passionfruits_logo.png&#8221; title_text=&#8221;passionfruits_logo&#8221; _builder_version=&#8221;4.14.7&#8243; global_colors_info=&#8221;{}&#8221; align=&#8221;center&#8221;][\/et_pb_image][et_pb_button button_url=&#8221;https:\/\/www.passionfruits.eu\/&#8221; url_new_window=&#8221;on&#8221; button_text=&#8221;Sito web&#8221; button_alignment=&#8221;center&#8221; button_alignment_tablet=&#8221;center&#8221; button_alignment_phone=&#8221;center&#8221; button_alignment_last_edited=&#8221;on|phone&#8221; _builder_version=&#8221;4.14.7&#8243; _module_preset=&#8221;default&#8221; custom_button=&#8221;on&#8221; button_text_size=&#8221;14px&#8221; button_text_color=&#8221;#0f76a4&#8243; button_bg_color=&#8221;#ffffff&#8221; button_border_color=&#8221;#000000&#8243; button_border_radius=&#8221;0px&#8221; button_letter_spacing=&#8221;2px&#8221; button_font=&#8221;Ubuntu|700||on|||||&#8221; button_icon=&#8221;&#x24;||divi||400&#8243; custom_padding=&#8221;15px|40px|15px|40px|true|true&#8221; box_shadow_style=&#8221;preset4&#8243; box_shadow_color=&#8221;#000000&#8243; global_colors_info=&#8221;{}&#8221;][\/et_pb_button][\/et_pb_column][\/et_pb_row][\/et_pb_section][et_pb_section fb_built=&#8221;1&#8243; admin_label=&#8221;Header&#8221; _builder_version=&#8221;4.4.5&#8243; overflow-x=&#8221;hidden&#8221; overflow-y=&#8221;hidden&#8221; custom_padding=&#8221;5vw||||false|false&#8221; locked=&#8221;off&#8221; global_colors_info=&#8221;{}&#8221;][et_pb_row _builder_version=&#8221;4.4.5&#8243; global_colors_info=&#8221;{}&#8221;][et_pb_column type=&#8221;4_4&#8243; _builder_version=&#8221;4.4.5&#8243; global_colors_info=&#8221;{}&#8221;][et_pb_text _builder_version=&#8221;4.14.7&#8243; header_font=&#8221;Cutive Mono||||||||&#8221; header_text_color=&#8221;#000000&#8243; header_font_size=&#8221;90px&#8221; header_letter_spacing=&#8221;-0.1em&#8221; header_2_text_color=&#8221;#000000&#8243; background_image=&#8221;https:\/\/passionfruits.eu\/digitalorchestra\/wp-content\/uploads\/2021\/10\/freelance-writer-06.png&#8221; background_size=&#8221;initial&#8221; background_position=&#8221;bottom_left&#8221; z_index=&#8221;1&#8243; header_font_size_tablet=&#8221;64px&#8221; header_font_size_phone=&#8221;32px&#8221; header_font_size_last_edited=&#8221;on|phone&#8221; header_letter_spacing_tablet=&#8221;-8px&#8221; header_letter_spacing_phone=&#8221;-4px&#8221; header_letter_spacing_last_edited=&#8221;off|tablet&#8221; global_colors_info=&#8221;{}&#8221;]<\/p>\n<h1>Universit\u00e0 di Musica Chopin<\/h1>\n<p>[\/et_pb_text][et_pb_image src=&#8221;https:\/\/passionfruits.eu\/digitalorchestra\/wp-content\/uploads\/2021\/10\/freelance-writer-05.png&#8221; title_text=&#8221;freelance-writer-05&#8243; align=&#8221;center&#8221; _builder_version=&#8221;4.4.5&#8243; global_colors_info=&#8221;{}&#8221;][\/et_pb_image][\/et_pb_column][\/et_pb_row][et_pb_row column_structure=&#8221;3_5,2_5&#8243; _builder_version=&#8221;4.4.5&#8243; custom_margin=&#8221;8vw|auto||auto|false|false&#8221; global_colors_info=&#8221;{}&#8221;][et_pb_column type=&#8221;3_5&#8243; _builder_version=&#8221;4.4.5&#8243; global_colors_info=&#8221;{}&#8221;][et_pb_text _builder_version=&#8221;4.14.7&#8243; header_2_text_color=&#8221;#000000&#8243; custom_margin=&#8221;||||false|false&#8221; global_colors_info=&#8221;{}&#8221;]<\/p>\n<p>L&#8217;Universit\u00e0 di musica Chopin \u00e8 la pi\u00f9 antica e pi\u00f9 grande istituzione di istruzione superiore della Polonia che costantemente instaura collaborazioni con le pi\u00f9 grandi istituzioni musicali della Polonia e di tutto il mondo.<\/p>\n<p>I nostri studenti seguono le lezioni in nove dipartimenti a Varsavia e presso la filiale UMFC a Bia\u0142ystok e possono scegliere tra nove dottorati: composizione e teoria della musica, direzione d&#8217;orchestra, studi strumentali, studi vocali, educazione artistica nell&#8217;arte della musica, Chiesa Musica, Danza, Jazz e Stage Music, e Ingegneria del Suono.<\/p>\n<p>L&#8217;Universit\u00e0 offre due cicli di studi, cos\u00ec come la scuola di specializzazione. Altre forme di istruzione presso la UMFC sono studi post-laurea a pagamento e formazione artistica. L&#8217;Universit\u00e0 premia i suoi laureati con il titolo professionale di &#8216;licencjat&#8217; &#8211; al termine degli studi del primo ciclo, e il titolo professionale di &#8216;Magister Sztuki&#8217; &#8211; al termine degli studi del secondo ciclo.<\/p>\n<p>Alla UMFC, ci sentiamo responsabili del futuro dei nostri alunni. Prestiamo particolare attenzione a sostenere le iniziative degli studenti e apprezzare i loro atteggiamenti intraprendenti. Gli studenti che perseguono un&#8217;intensa attivit\u00e0 artistica e accademica, si preparano per la partecipazione a concorsi internazionali e altre importanti imprese artistiche e accademiche, e anche gli studenti con condizioni di vita particolarmente difficili o problemi di salute temporanei possono seguire un curriculum individuale e avere un piano di studio.<\/p>\n<p>Inoltre, i nostri alunni hanno anche l&#8217;opportunit\u00e0 di migliorare le loro competenze nell&#8217;ambito dell&#8217;Initiative Centre e durante i corsi mensili chiamati &#8216;<em>Reach the Stars&#8217;<\/em>che consentono loro di sviluppare le loro competenze sotto la supervisione degli artisti pi\u00f9 rinomati di tutto il mondo. Tra musicisti e gruppi provenienti dalla nostra istituzione possiamo trovare importanti artisti polacchi e di fama mondiale.<\/p>\n<p>[\/et_pb_text][\/et_pb_column][et_pb_column type=&#8221;2_5&#8243; _builder_version=&#8221;4.4.5&#8243; global_colors_info=&#8221;{}&#8221;][et_pb_image src=&#8221;https:\/\/passionfruits.eu\/digitalorchestra\/wp-content\/uploads\/2022\/02\/UMFC-logo.png&#8221; title_text=&#8221;UMFC-logo&#8221; _builder_version=&#8221;4.14.7&#8243; global_colors_info=&#8221;{}&#8221; align=&#8221;center&#8221;][\/et_pb_image][et_pb_button button_url=&#8221;https:\/\/chopin.edu.pl\/&#8221; url_new_window=&#8221;on&#8221; button_text=&#8221;Sito web&#8221; button_alignment=&#8221;center&#8221; button_alignment_tablet=&#8221;center&#8221; button_alignment_phone=&#8221;center&#8221; button_alignment_last_edited=&#8221;on|phone&#8221; _builder_version=&#8221;4.14.7&#8243; _module_preset=&#8221;default&#8221; custom_button=&#8221;on&#8221; button_text_size=&#8221;14px&#8221; button_text_color=&#8221;#0f76a4&#8243; button_bg_color=&#8221;#ffffff&#8221; button_border_color=&#8221;#000000&#8243; button_border_radius=&#8221;0px&#8221; button_letter_spacing=&#8221;2px&#8221; button_font=&#8221;Ubuntu|700||on|||||&#8221; button_icon=&#8221;&#x24;||divi||400&#8243; custom_padding=&#8221;15px|40px|15px|40px|true|true&#8221; box_shadow_style=&#8221;preset4&#8243; box_shadow_color=&#8221;#000000&#8243; global_colors_info=&#8221;{}&#8221;][\/et_pb_button][\/et_pb_column][\/et_pb_row][\/et_pb_section][et_pb_section fb_built=&#8221;1&#8243; admin_label=&#8221;Header&#8221; _builder_version=&#8221;4.4.5&#8243; overflow-x=&#8221;hidden&#8221; overflow-y=&#8221;hidden&#8221; custom_padding=&#8221;5vw||||false|false&#8221; locked=&#8221;off&#8221; global_colors_info=&#8221;{}&#8221;][et_pb_row _builder_version=&#8221;4.4.5&#8243; global_colors_info=&#8221;{}&#8221;][et_pb_column type=&#8221;4_4&#8243; _builder_version=&#8221;4.4.5&#8243; global_colors_info=&#8221;{}&#8221;][et_pb_text _builder_version=&#8221;4.14.7&#8243; header_font=&#8221;Cutive Mono||||||||&#8221; header_text_color=&#8221;#000000&#8243; header_font_size=&#8221;90px&#8221; header_letter_spacing=&#8221;-0.1em&#8221; header_2_text_color=&#8221;#000000&#8243; background_image=&#8221;https:\/\/passionfruits.eu\/digitalorchestra\/wp-content\/uploads\/2021\/10\/freelance-writer-06.png&#8221; background_size=&#8221;initial&#8221; background_position=&#8221;bottom_left&#8221; z_index=&#8221;1&#8243; header_font_size_tablet=&#8221;64px&#8221; header_font_size_phone=&#8221;32px&#8221; header_font_size_last_edited=&#8221;on|phone&#8221; header_letter_spacing_tablet=&#8221;-8px&#8221; header_letter_spacing_phone=&#8221;-4px&#8221; header_letter_spacing_last_edited=&#8221;off|tablet&#8221; global_colors_info=&#8221;{}&#8221;]<\/p>\n<h1>Accademia estone di musica e teatro<\/h1>\n<p>[\/et_pb_text][et_pb_image src=&#8221;https:\/\/passionfruits.eu\/digitalorchestra\/wp-content\/uploads\/2021\/10\/freelance-writer-05.png&#8221; title_text=&#8221;freelance-writer-05&#8243; align=&#8221;center&#8221; _builder_version=&#8221;4.4.5&#8243; global_colors_info=&#8221;{}&#8221;][\/et_pb_image][\/et_pb_column][\/et_pb_row][et_pb_row column_structure=&#8221;3_5,2_5&#8243; _builder_version=&#8221;4.4.5&#8243; custom_margin=&#8221;8vw|auto||auto|false|false&#8221; global_colors_info=&#8221;{}&#8221;][et_pb_column type=&#8221;3_5&#8243; _builder_version=&#8221;4.4.5&#8243; global_colors_info=&#8221;{}&#8221;][et_pb_text _builder_version=&#8221;4.14.7&#8243; header_2_text_color=&#8221;#000000&#8243; custom_margin=&#8221;||||false|false&#8221; global_colors_info=&#8221;{}&#8221;]<\/p>\n<p>L&#8217;Estonian Academy of Music and Theatre \u00e8 un&#8217;universit\u00e0 pubblica che offre <strong>un&#8217;istruzione superiore in tutti i principali campi<\/strong> delle arti musicali e drammatiche a livello universitario, laureato e post-laurea. Anche se con i suoi circa 550 studenti, di cui il 20% sono stranieri, EAMT \u00e8 la pi\u00f9 piccola tra le sei universit\u00e0 pubbliche estoni e istituti di istruzione superiore di livello universitario, a livello internazionale pu\u00f2 essere paragonata alle accademie di musica e teatro di medie dimensioni.<\/p>\n<p>Fondata nel 1919, oggi l&#8217;Accademia estone di musica e teatro \u00e8 un&#8217;istituzione di livello mondiale che vanta un impressionante elenco di alunni tra cui compositori Erkki-Sven T\u00fc\u00fcr, Helena Tulve e il compositore vivente pi\u00f9 eseguito al mondo Arvo P\u00e4rt, pianisti Ivari Ilja, Peep Lassmann e Kalle Randalu, cos\u00ec come direttori Olari Elts, T\u00f5nu Kaljuste e Arvo Volmer. La stragrande maggioranza degli attori che si esibiscono nei teatri estoni sono anche alunni della nostra scuola di recitazione. La ricerca in una moltitudine di materie si svolge sotto i dipartimenti di musicologia, istruzione, pedagogia e arte drammatica.<\/p>\n<p>L&#8217;Estonian Academy of Music and Theatre \u00e8 membro di numerose organizzazioni internazionali e partecipa attivamente a programmi educativi finanziati dall&#8217;Unione europea e dal Consiglio nordico dei ministri. Il numero di universit\u00e0 partner, tra cui diverse importanti universit\u00e0 europee di musica e teatro, supera i 140. Le master class a breve termine dei professori in visita sono diventate parte integrante del programma di studio.<\/p>\n<p>EAMT partecipa come organizzatore o partner a corsi intensivi internazionali con un certo numero di universit\u00e0 e continua a partecipare a reti di collaborazione specializzate come Association Europ\u00e9enne des Conservatoires, Academies de Musique et Musikhochschulen (AEC), Association of Nordic Music Academies (ANMA), European League of the Institutes of Arts (ELIA), European Arts Management Education Network (ENCATC), Arts Management Society (AIMAC), e International Association of Schools of Jazz (IASJ).<\/p>\n<p>[\/et_pb_text][\/et_pb_column][et_pb_column type=&#8221;2_5&#8243; _builder_version=&#8221;4.4.5&#8243; global_colors_info=&#8221;{}&#8221;][et_pb_image src=&#8221;https:\/\/passionfruits.eu\/digitalorchestra\/wp-content\/uploads\/2022\/02\/eamt_logo.png&#8221; title_text=&#8221;eamt_logo&#8221; _builder_version=&#8221;4.14.7&#8243; hover_enabled=&#8221;0&#8243; global_colors_info=&#8221;{}&#8221; align=&#8221;center&#8221; sticky_enabled=&#8221;0&#8243;][\/et_pb_image][et_pb_button button_url=&#8221;https:\/\/eamt.ee\/&#8221; button_text=&#8221;Sito web&#8221; button_alignment=&#8221;center&#8221; button_alignment_tablet=&#8221;center&#8221; button_alignment_phone=&#8221;center&#8221; button_alignment_last_edited=&#8221;on|phone&#8221; _builder_version=&#8221;4.14.7&#8243; _module_preset=&#8221;default&#8221; custom_button=&#8221;on&#8221; button_text_size=&#8221;14px&#8221; button_text_color=&#8221;#0f76a4&#8243; button_bg_color=&#8221;#ffffff&#8221; button_border_color=&#8221;#000000&#8243; button_border_radius=&#8221;0px&#8221; button_letter_spacing=&#8221;2px&#8221; button_font=&#8221;Ubuntu|700||on|||||&#8221; button_icon=&#8221;&#x24;||divi||400&#8243; custom_padding=&#8221;15px|40px|15px|40px|true|true&#8221; box_shadow_style=&#8221;preset4&#8243; box_shadow_color=&#8221;#000000&#8243; global_colors_info=&#8221;{}&#8221;][\/et_pb_button][\/et_pb_column][\/et_pb_row][\/et_pb_section][et_pb_section fb_built=&#8221;1&#8243; admin_label=&#8221;Header&#8221; _builder_version=&#8221;4.4.5&#8243; overflow-x=&#8221;hidden&#8221; overflow-y=&#8221;hidden&#8221; custom_padding=&#8221;5vw||||false|false&#8221; locked=&#8221;off&#8221; global_colors_info=&#8221;{}&#8221;][et_pb_row _builder_version=&#8221;4.4.5&#8243; global_colors_info=&#8221;{}&#8221;][et_pb_column type=&#8221;4_4&#8243; _builder_version=&#8221;4.4.5&#8243; global_colors_info=&#8221;{}&#8221;][et_pb_text _builder_version=&#8221;4.14.7&#8243; header_font=&#8221;Cutive Mono||||||||&#8221; header_text_color=&#8221;#000000&#8243; header_font_size=&#8221;90px&#8221; header_letter_spacing=&#8221;-0.1em&#8221; header_2_text_color=&#8221;#000000&#8243; background_image=&#8221;https:\/\/passionfruits.eu\/digitalorchestra\/wp-content\/uploads\/2021\/10\/freelance-writer-06.png&#8221; background_size=&#8221;initial&#8221; background_position=&#8221;bottom_left&#8221; z_index=&#8221;1&#8243; header_font_size_tablet=&#8221;64px&#8221; header_font_size_phone=&#8221;32px&#8221; header_font_size_last_edited=&#8221;on|phone&#8221; header_letter_spacing_tablet=&#8221;-8px&#8221; header_letter_spacing_phone=&#8221;-4px&#8221; header_letter_spacing_last_edited=&#8221;off|tablet&#8221; global_colors_info=&#8221;{}&#8221;]<\/p>\n<h1>Conservatorio di Musica Tito Schipa<\/h1>\n<p>[\/et_pb_text][et_pb_image src=&#8221;https:\/\/passionfruits.eu\/digitalorchestra\/wp-content\/uploads\/2021\/10\/freelance-writer-05.png&#8221; title_text=&#8221;freelance-writer-05&#8243; align=&#8221;center&#8221; _builder_version=&#8221;4.4.5&#8243; global_colors_info=&#8221;{}&#8221;][\/et_pb_image][\/et_pb_column][\/et_pb_row][et_pb_row column_structure=&#8221;3_5,2_5&#8243; _builder_version=&#8221;4.4.5&#8243; custom_margin=&#8221;8vw|auto||auto|false|false&#8221; global_colors_info=&#8221;{}&#8221;][et_pb_column type=&#8221;3_5&#8243; _builder_version=&#8221;4.4.5&#8243; global_colors_info=&#8221;{}&#8221;][et_pb_text _builder_version=&#8221;4.14.7&#8243; header_2_text_color=&#8221;#000000&#8243; custom_margin=&#8221;||||false|false&#8221; global_colors_info=&#8221;{}&#8221;]<\/p>\n<p>Il Conservatorio di Musica &#8220;Tito Schipa&#8221; di Lecce nasce come scuola di musica nel 1930. Attualmente, \u00e8 l&#8217;Istituto di Alta Formazione Artistica e Musicale del Ministero della Pubblica Istruzione, Istruzione Superiore e della Ricerca. Le sue attivit\u00e0 sono rivolte a studenti di tutti i livelli di istruzione superiore, ricercatori, produttori musicali e diffonde la cultura musicale italiana nel paese e all&#8217;estero.<\/p>\n<p>Il programma educativo del Conservatorio copre tutte le discipline musicali, tra cui musica antica, direzione d&#8217;orchestra, musica per banda, jazz, composizione, teoria e analisi musicale, musica elettronica, ingegneria del suono e moderne tecnologie acustiche. Attualmente, oltre 700 studenti studiano presso la nostra Universit\u00e0 in 64 corsi di formazione e di laurea. Abbiamo uno staff di oltre 130 insegnanti e dipendenti che, oltre a condurre corsi educativi, preparano e supportano progetti internazionali, produzioni musicali e sono attivamente dedicati allo sviluppo dei talenti dei nostri studenti.<\/p>\n<p>Anche il dipartimento che si occupa dei progetti Erasmus + \u00e8 molto attivo nel nostro Conservatorio. Grazie a numerosi progetti, abbiamo un grande gruppo di istituzioni partner situate in 20 paesi europei.<\/p>\n<p>[\/et_pb_text][et_pb_text _builder_version=&#8221;4.13.1&#8243; header_2_text_color=&#8221;#000000&#8243; custom_margin=&#8221;||||false|false&#8221; global_colors_info=&#8221;{}&#8221;][\/et_pb_text][et_pb_text _builder_version=&#8221;4.13.1&#8243; header_2_text_color=&#8221;#000000&#8243; custom_margin=&#8221;||||false|false&#8221; global_colors_info=&#8221;{}&#8221;][\/et_pb_text][\/et_pb_column][et_pb_column type=&#8221;2_5&#8243; _builder_version=&#8221;4.4.5&#8243; global_colors_info=&#8221;{}&#8221;][et_pb_image src=&#8221;https:\/\/passionfruits.eu\/digitalorchestra\/wp-content\/uploads\/2022\/02\/lecce_logo.png&#8221; title_text=&#8221;lecce_logo&#8221; _builder_version=&#8221;4.14.7&#8243; hover_enabled=&#8221;0&#8243; global_colors_info=&#8221;{}&#8221; align=&#8221;center&#8221; sticky_enabled=&#8221;0&#8243;][\/et_pb_image][et_pb_button button_url=&#8221;http:\/\/www.conservatoriolecce.it&#8221; button_text=&#8221;Sito web&#8221; button_alignment=&#8221;center&#8221; button_alignment_tablet=&#8221;center&#8221; button_alignment_phone=&#8221;center&#8221; button_alignment_last_edited=&#8221;on|phone&#8221; _builder_version=&#8221;4.14.7&#8243; _module_preset=&#8221;default&#8221; custom_button=&#8221;on&#8221; button_text_size=&#8221;14px&#8221; button_text_color=&#8221;#0f76a4&#8243; button_bg_color=&#8221;#ffffff&#8221; button_border_color=&#8221;#000000&#8243; button_border_radius=&#8221;0px&#8221; button_letter_spacing=&#8221;2px&#8221; button_font=&#8221;Ubuntu|700||on|||||&#8221; button_icon=&#8221;&#x24;||divi||400&#8243; custom_padding=&#8221;15px|40px|15px|40px|true|true&#8221; box_shadow_style=&#8221;preset4&#8243; box_shadow_color=&#8221;#000000&#8243; global_colors_info=&#8221;{}&#8221;][\/et_pb_button][\/et_pb_column][\/et_pb_row][\/et_pb_section]<\/p>\n","protected":false},"excerpt":{"rendered":"<p>L&#8217;Associazione Passionfruits L&#8217;Associazione Passionfruits \u00e8 un gruppo di giovani creativi che provengono da ambienti e professioni diverse, ma hanno una cosa in comune: una passione nella vita che vogliono perseguire &#8211; e condividerla con gli altri. Hanno iniziato nel 2015 come un gruppo di amici uniti dall&#8217;amore per la danza folklorica. A poco a poco, [&hellip;]<\/p>\n","protected":false},"author":1,"featured_media":0,"parent":0,"menu_order":0,"comment_status":"closed","ping_status":"closed","template":"","meta":{"_acf_changed":false,"_et_pb_use_builder":"on","_et_pb_old_content":"","_et_gb_content_width":"","_monsterinsights_skip_tracking":false,"_monsterinsights_sitenote_active":false,"_monsterinsights_sitenote_note":"","_monsterinsights_sitenote_category":0,"footnotes":""},"class_list":["post-4382","page","type-page","status-publish","hentry"],"acf":[],"aioseo_notices":[],"_links":{"self":[{"href":"https:\/\/passionfruits.eu\/digitalorchestra\/it\/wp-json\/wp\/v2\/pages\/4382","targetHints":{"allow":["GET"]}}],"collection":[{"href":"https:\/\/passionfruits.eu\/digitalorchestra\/it\/wp-json\/wp\/v2\/pages"}],"about":[{"href":"https:\/\/passionfruits.eu\/digitalorchestra\/it\/wp-json\/wp\/v2\/types\/page"}],"author":[{"embeddable":true,"href":"https:\/\/passionfruits.eu\/digitalorchestra\/it\/wp-json\/wp\/v2\/users\/1"}],"replies":[{"embeddable":true,"href":"https:\/\/passionfruits.eu\/digitalorchestra\/it\/wp-json\/wp\/v2\/comments?post=4382"}],"version-history":[{"count":5,"href":"https:\/\/passionfruits.eu\/digitalorchestra\/it\/wp-json\/wp\/v2\/pages\/4382\/revisions"}],"predecessor-version":[{"id":4387,"href":"https:\/\/passionfruits.eu\/digitalorchestra\/it\/wp-json\/wp\/v2\/pages\/4382\/revisions\/4387"}],"wp:attachment":[{"href":"https:\/\/passionfruits.eu\/digitalorchestra\/it\/wp-json\/wp\/v2\/media?parent=4382"}],"curies":[{"name":"wp","href":"https:\/\/api.w.org\/{rel}","templated":true}]}}