{"id":3842,"date":"2022-02-11T20:32:15","date_gmt":"2022-02-11T20:32:15","guid":{"rendered":"https:\/\/passionfruits.eu\/digitalorchestra\/home\/"},"modified":"2022-06-21T17:53:44","modified_gmt":"2022-06-21T17:53:44","slug":"home","status":"publish","type":"page","link":"https:\/\/passionfruits.eu\/digitalorchestra\/fr\/","title":{"rendered":"Home"},"content":{"rendered":"<p>[et_pb_section fb_built=\u00a0\u00bb1&Prime; admin_label=\u00a0\u00bbHeader\u00a0\u00bb _builder_version=\u00a0\u00bb4.4.5&Prime; overflow-x=\u00a0\u00bbhidden\u00a0\u00bb overflow-y=\u00a0\u00bbhidden\u00a0\u00bb custom_padding=\u00a0\u00bb5vw||5vw||true|false\u00a0\u00bb global_colors_info=\u00a0\u00bb{}\u00a0\u00bb][et_pb_row _builder_version=\u00a0\u00bb4.4.5&Prime; global_colors_info=\u00a0\u00bb{}\u00a0\u00bb][et_pb_column type=\u00a0\u00bb4_4&Prime; _builder_version=\u00a0\u00bb4.4.5&Prime; global_colors_info=\u00a0\u00bb{}\u00a0\u00bb][et_pb_text _builder_version=\u00a0\u00bb4.13.1&Prime; header_font=\u00a0\u00bbCutive Mono||||||||\u00a0\u00bb header_text_color=\u00a0\u00bb#000000&Prime; header_font_size=\u00a0\u00bb100px\u00a0\u00bb header_letter_spacing=\u00a0\u00bb-0.1em\u00a0\u00bb header_2_text_color=\u00a0\u00bb#000000&Prime; background_image=\u00a0\u00bbhttps:\/\/passionfruits.eu\/digitalorchestra\/wp-content\/uploads\/2021\/10\/freelance-writer-06.png\u00a0\u00bb background_size=\u00a0\u00bbinitial\u00a0\u00bb background_position=\u00a0\u00bbbottom_left\u00a0\u00bb z_index=\u00a0\u00bb1&Prime; max_width=\u00a0\u00bb800px\u00a0\u00bb header_font_size_tablet=\u00a0\u00bb64px\u00a0\u00bb header_font_size_phone=\u00a0\u00bb32px\u00a0\u00bb header_font_size_last_edited=\u00a0\u00bbon|phone\u00a0\u00bb header_letter_spacing_tablet=\u00a0\u00bb-8px\u00a0\u00bb header_letter_spacing_phone=\u00a0\u00bb-4px\u00a0\u00bb header_letter_spacing_last_edited=\u00a0\u00bboff|tablet\u00a0\u00bb global_colors_info=\u00a0\u00bb{}\u00a0\u00bb]<\/p>\n<h1>Bonjour!<\/h1>\n<p>[\/et_pb_text][et_pb_text _builder_version=\u00a0\u00bb4.14.2&Prime; header_3_font=\u00a0\u00bbUbuntu|700|||||||\u00a0\u00bb header_3_line_height=\u00a0\u00bb1.5em\u00a0\u00bb hover_enabled=\u00a0\u00bb0&Prime; header_3_font_size_tablet=\u00a0\u00bb20px\u00a0\u00bb header_3_font_size_phone=\u00a0\u00bb18px\u00a0\u00bb header_3_font_size_last_edited=\u00a0\u00bbon|phone\u00a0\u00bb global_colors_info=\u00a0\u00bb{}\u00a0\u00bb sticky_enabled=\u00a0\u00bb0&Prime;]<\/p>\n<h3>Digital Orchestra Project<\/h3>\n<p>Il s&rsquo;agit d&rsquo;une base de donn\u00e9es de ressources p\u00e9dagogiques num\u00e9riques cr\u00e9\u00e9e dans le cadre du Projet Digital Orchestra, un partenariat strat\u00e9gique cofinanc\u00e9 par l&rsquo;Union europ\u00e9enne dans le cadre du programme Erasmus +. Il contient du mat\u00e9riel p\u00e9dagogique destin\u00e9 \u00e0 \u00eatre utilis\u00e9 pendant le processus de formation des musiciens, instrumentistes. Toutes les ressources sont disponibles sous une licence ouverte, nous vous invitons donc \u00e0 les utiliser dans vos s\u00e9ances d&rsquo;entra\u00eenement individuelles, que ce soit en pr\u00e9paration aux examens scolaires, aux auditions de recrutement ou simplement comme une variation des mod\u00e8les d&rsquo;apprentissage \u00e9tablis.<\/p>\n<p>&nbsp;<\/p>\n<p>Ici, vous pouvez en savoir plus sur le <a href=\"https:\/\/passionfruits.eu\/digitalorchestra\/fr\/a-propos-de-notre-projet\/\" title=\"Sur la page\">projet<\/a> et <a href=\"https:\/\/passionfruits.eu\/digitalorchestra\/fr\/nos-partenaires\/\">les organisations partenaires<\/a> qui l&rsquo;ont cr\u00e9\u00e9, ou vous pouvez simplement consulter notre<a href=\"https:\/\/passionfruits.eu\/digitalorchestra\/fr\/base-de-donnees-de-ressources\/\">base de donn\u00e9es<\/a> de pi\u00e8ces musicales.<\/p>\n<p>Nous vous souhaitons un apprentissage agr\u00e9able et amusant! Veuillez nous contacter si vous avez des commentaires ou des suggestions.[\/et_pb_text][\/et_pb_column][\/et_pb_row][\/et_pb_section]<\/p>\n","protected":false},"excerpt":{"rendered":"<p>Bonjour!Digital Orchestra Project Il s&rsquo;agit d&rsquo;une base de donn\u00e9es de ressources p\u00e9dagogiques num\u00e9riques cr\u00e9\u00e9e dans le cadre du Projet Digital Orchestra, un partenariat strat\u00e9gique cofinanc\u00e9 par l&rsquo;Union europ\u00e9enne dans le cadre du programme Erasmus +. Il contient du mat\u00e9riel p\u00e9dagogique destin\u00e9 \u00e0 \u00eatre utilis\u00e9 pendant le processus de formation des musiciens, instrumentistes. Toutes les ressources [&hellip;]<\/p>\n","protected":false},"author":1,"featured_media":0,"parent":0,"menu_order":0,"comment_status":"closed","ping_status":"closed","template":"","meta":{"_acf_changed":false,"_et_pb_use_builder":"on","_et_pb_old_content":"","_et_gb_content_width":"","_monsterinsights_skip_tracking":false,"_monsterinsights_sitenote_active":false,"_monsterinsights_sitenote_note":"","_monsterinsights_sitenote_category":0,"footnotes":""},"class_list":["post-3842","page","type-page","status-publish","hentry"],"acf":[],"aioseo_notices":[],"_links":{"self":[{"href":"https:\/\/passionfruits.eu\/digitalorchestra\/fr\/wp-json\/wp\/v2\/pages\/3842","targetHints":{"allow":["GET"]}}],"collection":[{"href":"https:\/\/passionfruits.eu\/digitalorchestra\/fr\/wp-json\/wp\/v2\/pages"}],"about":[{"href":"https:\/\/passionfruits.eu\/digitalorchestra\/fr\/wp-json\/wp\/v2\/types\/page"}],"author":[{"embeddable":true,"href":"https:\/\/passionfruits.eu\/digitalorchestra\/fr\/wp-json\/wp\/v2\/users\/1"}],"replies":[{"embeddable":true,"href":"https:\/\/passionfruits.eu\/digitalorchestra\/fr\/wp-json\/wp\/v2\/comments?post=3842"}],"version-history":[{"count":8,"href":"https:\/\/passionfruits.eu\/digitalorchestra\/fr\/wp-json\/wp\/v2\/pages\/3842\/revisions"}],"predecessor-version":[{"id":4537,"href":"https:\/\/passionfruits.eu\/digitalorchestra\/fr\/wp-json\/wp\/v2\/pages\/3842\/revisions\/4537"}],"wp:attachment":[{"href":"https:\/\/passionfruits.eu\/digitalorchestra\/fr\/wp-json\/wp\/v2\/media?parent=3842"}],"curies":[{"name":"wp","href":"https:\/\/api.w.org\/{rel}","templated":true}]}}